{"id":400,"date":"2025-06-26T18:19:24","date_gmt":"2025-06-26T21:19:24","guid":{"rendered":"https:\/\/tglobal.com.ar\/?product=producto-20"},"modified":"2025-07-01T20:14:30","modified_gmt":"2025-07-01T23:14:30","slug":"producto-20","status":"publish","type":"product","link":"https:\/\/tglobal.com.ar\/?product=producto-20","title":{"rendered":"Cable Alta tensi\u00f3n &#8211; Doble Vaina  Cobre esta\u00f1ado &#8211; 0.5mm &#8211; Rollo 50m"},"content":{"rendered":"<p>Cable Alta tensi\u00f3n\u00a0 para cero el\u00e9ctrico.- Doble Vaina .\u00a0 Cobre esta\u00f1ado<\/p>\n<p>Di\u00e1metro:\u00a0 0.5mm &#8211; Rollo 50m<\/p>\n","protected":false},"excerpt":{"rendered":"<p>Cable Alta tensi\u00f3n\u00a0 para cero el\u00e9ctrico.- Doble Vaina .\u00a0 Cobre esta\u00f1ado Di\u00e1metro:\u00a0 0.5mm &#8211; Rollo 50m<\/p>\n","protected":false},"featured_media":513,"template":"","meta":[],"product_brand":[59],"product_cat":[55],"product_tag":[],"class_list":{"0":"post-400","1":"product","2":"type-product","3":"status-publish","4":"has-post-thumbnail","6":"product_brand-electroperimetros","7":"product_cat-cables","9":"first","10":"instock","11":"sale","12":"taxable","13":"shipping-taxable","14":"purchasable","15":"product-type-simple"},"_links":{"self":[{"href":"https:\/\/tglobal.com.ar\/index.php?rest_route=\/wp\/v2\/product\/400","targetHints":{"allow":["GET"]}}],"collection":[{"href":"https:\/\/tglobal.com.ar\/index.php?rest_route=\/wp\/v2\/product"}],"about":[{"href":"https:\/\/tglobal.com.ar\/index.php?rest_route=\/wp\/v2\/types\/product"}],"wp:featuredmedia":[{"embeddable":true,"href":"https:\/\/tglobal.com.ar\/index.php?rest_route=\/wp\/v2\/media\/513"}],"wp:attachment":[{"href":"https:\/\/tglobal.com.ar\/index.php?rest_route=%2Fwp%2Fv2%2Fmedia&parent=400"}],"wp:term":[{"taxonomy":"product_brand","embeddable":true,"href":"https:\/\/tglobal.com.ar\/index.php?rest_route=%2Fwp%2Fv2%2Fproduct_brand&post=400"},{"taxonomy":"product_cat","embeddable":true,"href":"https:\/\/tglobal.com.ar\/index.php?rest_route=%2Fwp%2Fv2%2Fproduct_cat&post=400"},{"taxonomy":"product_tag","embeddable":true,"href":"https:\/\/tglobal.com.ar\/index.php?rest_route=%2Fwp%2Fv2%2Fproduct_tag&post=400"}],"curies":[{"name":"wp","href":"https:\/\/api.w.org\/{rel}","templated":true}]}}