{"id":396,"date":"2025-06-26T18:19:23","date_gmt":"2025-06-26T21:19:23","guid":{"rendered":"https:\/\/tglobal.com.ar\/?product=producto-16"},"modified":"2025-07-01T20:21:22","modified_gmt":"2025-07-01T23:21:22","slug":"producto-16","status":"publish","type":"product","link":"https:\/\/tglobal.com.ar\/?product=producto-16","title":{"rendered":"Varilla intermedia 5 l\u00edneas"},"content":{"rendered":"<p>Varilla intermedia de 5 l\u00edneas para cerco el\u00e9ctrico.<\/p>\n<p>Para ser colocadas sobre muros, canteros, etc., como soportes de l\u00edneas de sistemas de seguridad.<\/p>\n<p>\u2022 Para amurar a mediante grampa de acero galvanizada.<br \/>\n\u2022 Con alma de acero galvanizado y aislante inyectado con protecci\u00f3n UV<\/p>\n","protected":false},"excerpt":{"rendered":"<p>Varilla intermedia de 5 l\u00edneas para cerco el\u00e9ctrico. Para ser colocadas sobre muros, canteros, etc., como soportes de l\u00edneas de sistemas de seguridad. \u2022 Para amurar a mediante grampa de&hellip;<\/p>\n","protected":false},"featured_media":545,"template":"","meta":[],"product_brand":[60],"product_cat":[53],"product_tag":[],"class_list":{"0":"post-396","1":"product","2":"type-product","3":"status-publish","4":"has-post-thumbnail","6":"product_brand-san-miguel","7":"product_cat-aisladores","9":"first","10":"instock","11":"sale","12":"taxable","13":"shipping-taxable","14":"purchasable","15":"product-type-simple"},"_links":{"self":[{"href":"https:\/\/tglobal.com.ar\/index.php?rest_route=\/wp\/v2\/product\/396","targetHints":{"allow":["GET"]}}],"collection":[{"href":"https:\/\/tglobal.com.ar\/index.php?rest_route=\/wp\/v2\/product"}],"about":[{"href":"https:\/\/tglobal.com.ar\/index.php?rest_route=\/wp\/v2\/types\/product"}],"wp:featuredmedia":[{"embeddable":true,"href":"https:\/\/tglobal.com.ar\/index.php?rest_route=\/wp\/v2\/media\/545"}],"wp:attachment":[{"href":"https:\/\/tglobal.com.ar\/index.php?rest_route=%2Fwp%2Fv2%2Fmedia&parent=396"}],"wp:term":[{"taxonomy":"product_brand","embeddable":true,"href":"https:\/\/tglobal.com.ar\/index.php?rest_route=%2Fwp%2Fv2%2Fproduct_brand&post=396"},{"taxonomy":"product_cat","embeddable":true,"href":"https:\/\/tglobal.com.ar\/index.php?rest_route=%2Fwp%2Fv2%2Fproduct_cat&post=396"},{"taxonomy":"product_tag","embeddable":true,"href":"https:\/\/tglobal.com.ar\/index.php?rest_route=%2Fwp%2Fv2%2Fproduct_tag&post=396"}],"curies":[{"name":"wp","href":"https:\/\/api.w.org\/{rel}","templated":true}]}}