{"id":394,"date":"2025-06-26T18:19:22","date_gmt":"2025-06-26T21:19:22","guid":{"rendered":"https:\/\/tglobal.com.ar\/?product=producto-14"},"modified":"2025-07-01T20:27:56","modified_gmt":"2025-07-01T23:27:56","slug":"producto-14","status":"publish","type":"product","link":"https:\/\/tglobal.com.ar\/?product=producto-14","title":{"rendered":"Se\u00f1al advertencia  Est\u00e1ndar"},"content":{"rendered":"<p>Se\u00f1al de Advertencia Cerco El\u00e9ctrico &#8211; ELECTROPERIMETROS<br \/>\nMaterial: Alto Impacto<br \/>\nMedidas: 24cm x 12cm<br \/>\nEspesor: 1mm<\/p>\n","protected":false},"excerpt":{"rendered":"<p>Se\u00f1al de Advertencia Cerco El\u00e9ctrico &#8211; ELECTROPERIMETROS Material: Alto Impacto Medidas: 24cm x 12cm Espesor: 1mm<\/p>\n","protected":false},"featured_media":512,"template":"","meta":[],"product_brand":[59],"product_cat":[54],"product_tag":[],"class_list":{"0":"post-394","1":"product","2":"type-product","3":"status-publish","4":"has-post-thumbnail","6":"product_brand-electroperimetros","7":"product_cat-accesorios","9":"first","10":"instock","11":"sale","12":"taxable","13":"shipping-taxable","14":"purchasable","15":"product-type-simple"},"_links":{"self":[{"href":"https:\/\/tglobal.com.ar\/index.php?rest_route=\/wp\/v2\/product\/394","targetHints":{"allow":["GET"]}}],"collection":[{"href":"https:\/\/tglobal.com.ar\/index.php?rest_route=\/wp\/v2\/product"}],"about":[{"href":"https:\/\/tglobal.com.ar\/index.php?rest_route=\/wp\/v2\/types\/product"}],"wp:featuredmedia":[{"embeddable":true,"href":"https:\/\/tglobal.com.ar\/index.php?rest_route=\/wp\/v2\/media\/512"}],"wp:attachment":[{"href":"https:\/\/tglobal.com.ar\/index.php?rest_route=%2Fwp%2Fv2%2Fmedia&parent=394"}],"wp:term":[{"taxonomy":"product_brand","embeddable":true,"href":"https:\/\/tglobal.com.ar\/index.php?rest_route=%2Fwp%2Fv2%2Fproduct_brand&post=394"},{"taxonomy":"product_cat","embeddable":true,"href":"https:\/\/tglobal.com.ar\/index.php?rest_route=%2Fwp%2Fv2%2Fproduct_cat&post=394"},{"taxonomy":"product_tag","embeddable":true,"href":"https:\/\/tglobal.com.ar\/index.php?rest_route=%2Fwp%2Fv2%2Fproduct_tag&post=394"}],"curies":[{"name":"wp","href":"https:\/\/api.w.org\/{rel}","templated":true}]}}